{"id":39,"date":"2025-01-02T19:43:41","date_gmt":"2025-01-02T19:43:41","guid":{"rendered":"https:\/\/adaptiveinsights.ch\/?page_id=39"},"modified":"2025-04-22T07:58:25","modified_gmt":"2025-04-22T07:58:25","slug":"kontakt","status":"publish","type":"page","link":"https:\/\/adaptiveinsights.ch\/en\/kontakt\/","title":{"rendered":"Kontakt"},"content":{"rendered":"<h1 class=\"wp-block-heading\">Lassen Sie uns ins Gespr\u00e4ch kommen.<\/h1>\n\n\n\n<p>Sie haben Fragen, m\u00f6chten ein Projekt besprechen oder einfach mehr \u00fcber unsere Arbeit erfahren?<br>Wir freuen uns auf Ihre Nachricht.<\/p>\n\n\n\n<div class=\"wp-block-columns is-layout-flex wp-container-core-columns-is-layout-28f84493 wp-block-columns-is-layout-flex\">\n<div class=\"wp-block-column is-layout-flow wp-block-column-is-layout-flow\">\n<div class=\"wp-block-contact-form-7-contact-form-selector\">\n<div class=\"wpcf7 no-js\" id=\"wpcf7-f95-o1\" lang=\"en-US\" dir=\"ltr\" data-wpcf7-id=\"95\">\n<div class=\"screen-reader-response\"><p role=\"status\" aria-live=\"polite\" aria-atomic=\"true\"><\/p> <ul><\/ul><\/div>\n<form action=\"\/en\/wp-json\/wp\/v2\/pages\/39#wpcf7-f95-o1\" method=\"post\" class=\"wpcf7-form init\" aria-label=\"Contact form\" novalidate=\"novalidate\" data-status=\"init\" data-trp-original-action=\"\/en\/wp-json\/wp\/v2\/pages\/39#wpcf7-f95-o1\">\n<div style=\"display: none;\">\n<input type=\"hidden\" name=\"_wpcf7\" value=\"95\" \/>\n<input type=\"hidden\" name=\"_wpcf7_version\" value=\"6.0.6\" \/>\n<input type=\"hidden\" name=\"_wpcf7_locale\" value=\"en_US\" \/>\n<input type=\"hidden\" name=\"_wpcf7_unit_tag\" value=\"wpcf7-f95-o1\" \/>\n<input type=\"hidden\" name=\"_wpcf7_container_post\" value=\"0\" \/>\n<input type=\"hidden\" name=\"_wpcf7_posted_data_hash\" value=\"\" \/>\n<\/div>\n<p><label> Ihr Name (Pflichtfeld)<br \/>\n<span class=\"wpcf7-form-control-wrap\" data-name=\"your-name\"><input size=\"40\" maxlength=\"400\" class=\"wpcf7-form-control wpcf7-text wpcf7-validates-as-required\" aria-required=\"true\" aria-invalid=\"false\" placeholder=\"Max Mustermann\" value=\"\" type=\"text\" name=\"your-name\" \/><\/span> <\/label>\n<\/p>\n<p><label> Ihre E-Mail-Adresse (Pflichtfeld)<br \/>\n<span class=\"wpcf7-form-control-wrap\" data-name=\"your-email\"><input size=\"40\" maxlength=\"400\" class=\"wpcf7-form-control wpcf7-email wpcf7-validates-as-required wpcf7-text wpcf7-validates-as-email\" aria-required=\"true\" aria-invalid=\"false\" placeholder=\"ihre@email.ch\" value=\"\" type=\"email\" name=\"your-email\" \/><\/span> <\/label>\n<\/p>\n<p><label> Betreff<br \/>\n<span class=\"wpcf7-form-control-wrap\" data-name=\"your-subject\"><select class=\"wpcf7-form-control wpcf7-select\" aria-invalid=\"false\" name=\"your-subject\"><option value=\"Allgemeine Anfrage\">Allgemeine Anfrage<\/option><option value=\"Anfrage Unterricht\">Anfrage Unterricht<\/option><option value=\"Beratung\">Beratung<\/option><option value=\"Prototypenentwicklung\">Prototypenentwicklung<\/option><\/select><\/span> <\/label>\n<\/p>\n<p><label> Ihre Nachricht<br \/>\n<span class=\"wpcf7-form-control-wrap\" data-name=\"your-message\"><textarea cols=\"40\" rows=\"10\" maxlength=\"2000\" class=\"wpcf7-form-control wpcf7-textarea\" aria-invalid=\"false\" placeholder=\"Worum geht es?\" name=\"your-message\"><\/textarea><\/span> <\/label>\n<\/p>\n<p><label> <span class=\"wpcf7-form-control-wrap\" data-name=\"privacy-consent\"><span class=\"wpcf7-form-control wpcf7-checkbox wpcf7-validates-as-required\"><span class=\"wpcf7-list-item first last\"><label><input type=\"checkbox\" name=\"privacy-consent[]\" value=\"Ich stimme der Verarbeitung meiner Daten gem\u00e4\u00df der Datenschutzerkl\u00e4rung zu.\" \/><span class=\"wpcf7-list-item-label\">Ich stimme der Verarbeitung meiner Daten gem\u00e4\u00df der Datenschutzerkl\u00e4rung zu.<\/span><\/label><\/span><\/span><\/span> <\/label>\n<\/p>\n<p><input class=\"wpcf7-form-control wpcf7-submit has-spinner\" type=\"submit\" value=\"\ud83d\udce8 Nachricht senden\" \/>\n<\/p><div class=\"wpcf7-response-output\" aria-hidden=\"true\"><\/div>\n<input type=\"hidden\" name=\"trp-form-language\" value=\"en\"\/><\/form>\n<\/div>\n<\/div>\n<\/div>\n\n\n\n<div class=\"wp-block-column is-layout-flow wp-block-column-is-layout-flow\">\n<p>Martin Strahm<br>Adaptive Insights GmbH<br>\ud83d\udce7 martinstrahm01@gmail.com<br>\ud83c\udf10 www.adaptiveinsights.ch<\/p>\n<\/div>\n<\/div>\n\n\n\n<p class=\"has-small-font-size\"><em>Hinweis: Ihre Daten werden ausschlie\u00dflich zur Bearbeitung Ihrer Anfrage verwendet. Weitere Informationen finden Sie in unserer <a href=\"\/en\/datenschutz\/\">Datenschutzerkl\u00e4rung<\/a>.<\/em><\/p>","protected":false},"excerpt":{"rendered":"<p>Lassen Sie uns ins Gespr\u00e4ch kommen. Sie haben Fragen, m\u00f6chten ein Projekt besprechen oder einfach mehr \u00fcber unsere Arbeit erfahren?Wir freuen uns auf Ihre Nachricht. Martin StrahmAdaptive Insights GmbH\ud83d\udce7 martinstrahm01@gmail.com\ud83c\udf10 www.adaptiveinsights.ch Hinweis: Ihre Daten werden ausschlie\u00dflich zur Bearbeitung Ihrer Anfrage verwendet. Weitere Informationen finden Sie in unserer Datenschutzerkl\u00e4rung.<\/p>","protected":false},"author":1,"featured_media":0,"parent":0,"menu_order":8,"comment_status":"closed","ping_status":"closed","template":"","meta":{"footnotes":""},"class_list":["post-39","page","type-page","status-publish","hentry"],"_links":{"self":[{"href":"https:\/\/adaptiveinsights.ch\/en\/wp-json\/wp\/v2\/pages\/39","targetHints":{"allow":["GET"]}}],"collection":[{"href":"https:\/\/adaptiveinsights.ch\/en\/wp-json\/wp\/v2\/pages"}],"about":[{"href":"https:\/\/adaptiveinsights.ch\/en\/wp-json\/wp\/v2\/types\/page"}],"author":[{"embeddable":true,"href":"https:\/\/adaptiveinsights.ch\/en\/wp-json\/wp\/v2\/users\/1"}],"replies":[{"embeddable":true,"href":"https:\/\/adaptiveinsights.ch\/en\/wp-json\/wp\/v2\/comments?post=39"}],"version-history":[{"count":7,"href":"https:\/\/adaptiveinsights.ch\/en\/wp-json\/wp\/v2\/pages\/39\/revisions"}],"predecessor-version":[{"id":99,"href":"https:\/\/adaptiveinsights.ch\/en\/wp-json\/wp\/v2\/pages\/39\/revisions\/99"}],"wp:attachment":[{"href":"https:\/\/adaptiveinsights.ch\/en\/wp-json\/wp\/v2\/media?parent=39"}],"curies":[{"name":"wp","href":"https:\/\/api.w.org\/{rel}","templated":true}]}}