{"id":25,"date":"2025-01-02T19:10:42","date_gmt":"2025-01-02T19:10:42","guid":{"rendered":"https:\/\/adaptiveinsights.ch\/?page_id=25"},"modified":"2025-04-22T07:08:18","modified_gmt":"2025-04-22T07:08:18","slug":"uber-mich","status":"publish","type":"page","link":"https:\/\/adaptiveinsights.ch\/en\/uber-mich\/","title":{"rendered":"\u00dcber mich"},"content":{"rendered":"<h1 class=\"wp-block-heading has-text-align-left\">\u00dcber Mich<\/h1>\n\n\n\n<div class=\"wp-block-columns is-layout-flex wp-container-core-columns-is-layout-28f84493 wp-block-columns-is-layout-flex\">\n<div class=\"wp-block-column is-layout-flow wp-block-column-is-layout-flow\">\n<div class=\"wp-block-group is-vertical is-layout-flex wp-container-core-group-is-layout-fe9cc265 wp-block-group-is-layout-flex\">\n<h2 class=\"wp-block-heading\">Dr. Martin Strahm<\/h2>\n\n\n\n<p>Gr\u00fcnder von Adaptive Insights GmbH &#8211; Wissenschaftler, Lehrer, Technologie-\u00dcbersetzer<\/p>\n<\/div>\n<\/div>\n\n\n\n<div class=\"wp-block-column is-layout-flow wp-block-column-is-layout-flow\">\n<figure class=\"wp-block-image size-full\"><img loading=\"lazy\" decoding=\"async\" width=\"567\" height=\"378\" src=\"https:\/\/adaptiveinsights.ch\/wp-content\/uploads\/2025\/04\/U35A8285.jpg\" alt=\"\" class=\"wp-image-69\" srcset=\"https:\/\/adaptiveinsights.ch\/wp-content\/uploads\/2025\/04\/U35A8285.jpg 567w, https:\/\/adaptiveinsights.ch\/wp-content\/uploads\/2025\/04\/U35A8285-300x200.jpg 300w\" sizes=\"auto, (max-width: 567px) 100vw, 567px\" \/><\/figure>\n<\/div>\n<\/div>\n\n\n\n<p>Ich liebe es, komplexe Dinge verst\u00e4ndlich zu machen. Mein Weg hat mich von der pharmazeutischen Forschung \u00fcber die Entwicklung digitaler Therapeutika bis hin zur Hochschullehre gef\u00fchrt. Heute nutze ich dieses breite Fundament, um neue Technologien in ihren wissenschaftlichen und wirtschaftlichen Dimensionen zu durchdringen \u2013 und f\u00fcr andere zug\u00e4nglich zu machen.<\/p>\n\n\n\n<p>Bei Roche habe ich eine Quantum-Computing-Initiative aufgebaut und selbst tief in das Thema eingearbeitet \u2013 bis hin zur Lehrbef\u00e4higung. \u00c4hnlich war es mit 3D-Design und Game Engines, die ich mir im Rahmen eines Prototypenprojekts angeeignet habe. Ich tauche gerne ein. Ich h\u00f6re nicht auf, bevor ich etwas wirklich verstanden habe.<\/p>\n\n\n\n<p>Ich unterrichte an der ETH Z\u00fcrich und der FHNW, engagiere mich in Think Tanks und berate Entscheidungstr\u00e4ger auf Augenh\u00f6he. Dabei bringe ich nicht nur wissenschaftliche Tiefe, sondern auch wirtschaftliches Denken mit \u2013 unterst\u00fctzt durch meine MBA-Ausbildung.<\/p>\n\n\n\n<blockquote class=\"wp-block-quote is-layout-flow wp-block-quote-is-layout-flow\">\n<p><em>&#8222;Wer etwas seiner Putzfrau nicht erkl\u00e4ren kann, versteht es selbst nicht richtig.&#8220; <\/em>&#8211; Richard Feynman<\/p>\n<\/blockquote>\n\n\n\n<p>Diesen Anspruch verfolge ich in jeder Zusammenarbeit.<\/p>\n\n\n\n<h3 class=\"wp-block-heading\">Stationen (Auszug)<\/h3>\n\n\n\n<ul class=\"wp-block-list\">\n<li>Dozent f\u00fcr Quantum Computing, Machine Learning und Drug Development, ETH Z\u00fcrich, FHNW Muttenz<\/li>\n\n\n\n<li>Gr\u00fcnder der Adaptive Insights GmbH<\/li>\n\n\n\n<li>Senior Leader, Head of Data Science, Roche Basel<\/li>\n\n\n\n<li>MBA mit Fokus auf Technologie &amp; Innovation<\/li>\n\n\n\n<li>Dr. rer. nat. Biophysik<\/li>\n<\/ul>\n\n\n\n<p><\/p>","protected":false},"excerpt":{"rendered":"<p>\u00dcber Mich Dr. Martin Strahm Gr\u00fcnder von Adaptive Insights GmbH &#8211; Wissenschaftler, Lehrer, Technologie-\u00dcbersetzer Ich liebe es, komplexe Dinge verst\u00e4ndlich zu machen. Mein Weg hat mich von der pharmazeutischen Forschung \u00fcber die Entwicklung digitaler Therapeutika bis hin zur Hochschullehre gef\u00fchrt. Heute nutze ich dieses breite Fundament, um neue Technologien in ihren wissenschaftlichen und wirtschaftlichen Dimensionen [&hellip;]<\/p>","protected":false},"author":1,"featured_media":0,"parent":0,"menu_order":2,"comment_status":"closed","ping_status":"closed","template":"","meta":{"footnotes":""},"class_list":["post-25","page","type-page","status-publish","hentry"],"_links":{"self":[{"href":"https:\/\/adaptiveinsights.ch\/en\/wp-json\/wp\/v2\/pages\/25","targetHints":{"allow":["GET"]}}],"collection":[{"href":"https:\/\/adaptiveinsights.ch\/en\/wp-json\/wp\/v2\/pages"}],"about":[{"href":"https:\/\/adaptiveinsights.ch\/en\/wp-json\/wp\/v2\/types\/page"}],"author":[{"embeddable":true,"href":"https:\/\/adaptiveinsights.ch\/en\/wp-json\/wp\/v2\/users\/1"}],"replies":[{"embeddable":true,"href":"https:\/\/adaptiveinsights.ch\/en\/wp-json\/wp\/v2\/comments?post=25"}],"version-history":[{"count":10,"href":"https:\/\/adaptiveinsights.ch\/en\/wp-json\/wp\/v2\/pages\/25\/revisions"}],"predecessor-version":[{"id":93,"href":"https:\/\/adaptiveinsights.ch\/en\/wp-json\/wp\/v2\/pages\/25\/revisions\/93"}],"wp:attachment":[{"href":"https:\/\/adaptiveinsights.ch\/en\/wp-json\/wp\/v2\/media?parent=25"}],"curies":[{"name":"wp","href":"https:\/\/api.w.org\/{rel}","templated":true}]}}